{"id":11684,"date":"2022-03-02T07:20:50","date_gmt":"2022-03-02T07:20:50","guid":{"rendered":"https:\/\/www.business-ro.com\/progetti-immobiliari\/"},"modified":"2023-06-01T15:54:48","modified_gmt":"2023-06-01T15:54:48","slug":"progetti-immobiliari","status":"publish","type":"page","link":"https:\/\/www.business-ro.com\/en\/progetti-immobiliari\/","title":{"rendered":"Progetti immobiliari"},"content":{"rendered":"\t\t<div data-elementor-type=\"wp-post\" data-elementor-id=\"11684\" class=\"elementor elementor-11684 elementor-5916\" data-elementor-post-type=\"page\">\n\t\t\t\t\t\t<section class=\"elementor-section elementor-top-section elementor-element elementor-element-f68d7e9 elementor-section-height-min-height elementor-section-stretched elementor-section-full_width elementor-section-height-default elementor-section-items-middle\" data-id=\"f68d7e9\" data-element_type=\"section\" data-e-type=\"section\" data-settings=\"{&quot;background_background&quot;:&quot;classic&quot;,&quot;stretch_section&quot;:&quot;section-stretched&quot;,&quot;background_motion_fx_motion_fx_scrolling&quot;:&quot;yes&quot;,&quot;motion_fx_motion_fx_scrolling&quot;:&quot;yes&quot;,&quot;motion_fx_range&quot;:&quot;page&quot;,&quot;background_motion_fx_devices&quot;:[&quot;desktop&quot;,&quot;tablet&quot;,&quot;mobile&quot;],&quot;motion_fx_devices&quot;:[&quot;desktop&quot;,&quot;tablet&quot;,&quot;mobile&quot;]}\">\n\t\t\t\t\t\t\t<div class=\"elementor-background-overlay\"><\/div>\n\t\t\t\t\t\t\t<div class=\"elementor-container elementor-column-gap-default\">\n\t\t\t\t\t<div class=\"elementor-column elementor-col-100 elementor-top-column elementor-element elementor-element-6d10f22\" data-id=\"6d10f22\" data-element_type=\"column\" data-e-type=\"column\">\n\t\t\t<div class=\"elementor-widget-wrap elementor-element-populated\">\n\t\t\t\t\t\t<div class=\"elementor-element elementor-element-cfe71ea animated-slow elementor-invisible elementor-widget elementor-widget-houzez_elementor_section_title\" data-id=\"cfe71ea\" data-element_type=\"widget\" data-e-type=\"widget\" data-settings=\"{&quot;_animation&quot;:&quot;fadeIn&quot;}\" data-widget_type=\"houzez_elementor_section_title.default\">\n\t\t\t\t<div class=\"elementor-widget-container\">\n\t\t\t\t\t            <div class=\"houzez_section_title_wrap section-title-module\">\n                                    <h2 class=\"houzez_section_title\">Progetti immobiliari<\/h2>\n                \n                                    <p class=\"houzez_section_subtitle\">la semplificazione del mercato immobiliare<\/p>\n                            <\/div>\n            \t\t\t\t<\/div>\n\t\t\t\t<\/div>\n\t\t\t\t<div class=\"elementor-element elementor-element-94207c6 elementor-widget elementor-widget-spacer\" data-id=\"94207c6\" data-element_type=\"widget\" data-e-type=\"widget\" data-widget_type=\"spacer.default\">\n\t\t\t\t<div class=\"elementor-widget-container\">\n\t\t\t\t\t\t\t<div class=\"elementor-spacer\">\n\t\t\t<div class=\"elementor-spacer-inner\"><\/div>\n\t\t<\/div>\n\t\t\t\t\t\t<\/div>\n\t\t\t\t<\/div>\n\t\t\t\t<div class=\"elementor-element elementor-element-571c9e1 elementor-widget elementor-widget-houzez_elementor_space\" data-id=\"571c9e1\" data-element_type=\"widget\" data-e-type=\"widget\" data-widget_type=\"houzez_elementor_space.default\">\n\t\t\t\t<div class=\"elementor-widget-container\">\n\t\t\t\t\t        <div class=\"houzez-spacer\">\n            <div class=\"houzez-spacer-inner\"><\/div>\n        <\/div>\n        \t\t\t\t<\/div>\n\t\t\t\t<\/div>\n\t\t\t\t\t<\/div>\n\t\t<\/div>\n\t\t\t\t\t<\/div>\n\t\t<\/section>\n\t\t\t\t<section class=\"elementor-section elementor-top-section elementor-element elementor-element-130d89e elementor-section-boxed elementor-section-height-default elementor-section-height-default\" data-id=\"130d89e\" data-element_type=\"section\" data-e-type=\"section\">\n\t\t\t\t\t\t<div class=\"elementor-container elementor-column-gap-default\">\n\t\t\t\t\t<div class=\"elementor-column elementor-col-100 elementor-top-column elementor-element elementor-element-d1fa245\" data-id=\"d1fa245\" data-element_type=\"column\" data-e-type=\"column\">\n\t\t\t<div class=\"elementor-widget-wrap elementor-element-populated\">\n\t\t\t\t\t\t<div class=\"elementor-element elementor-element-6af6f38 elementor-widget elementor-widget-spacer\" data-id=\"6af6f38\" data-element_type=\"widget\" data-e-type=\"widget\" data-widget_type=\"spacer.default\">\n\t\t\t\t<div class=\"elementor-widget-container\">\n\t\t\t\t\t\t\t<div class=\"elementor-spacer\">\n\t\t\t<div class=\"elementor-spacer-inner\"><\/div>\n\t\t<\/div>\n\t\t\t\t\t\t<\/div>\n\t\t\t\t<\/div>\n\t\t\t\t<div class=\"elementor-element elementor-element-beef893 animated-slow elementor-invisible elementor-widget elementor-widget-houzez_elementor_section_title\" data-id=\"beef893\" data-element_type=\"widget\" data-e-type=\"widget\" data-settings=\"{&quot;_animation&quot;:&quot;fadeIn&quot;}\" data-widget_type=\"houzez_elementor_section_title.default\">\n\t\t\t\t<div class=\"elementor-widget-container\">\n\t\t\t\t\t            <div class=\"houzez_section_title_wrap section-title-module\">\n                                    <h2 class=\"houzez_section_title\">il concetto di sartorialit\u00e0<\/h2>\n                \n                                    <p class=\"houzez_section_subtitle\">abitazioni cucite addosso<\/p>\n                            <\/div>\n            \t\t\t\t<\/div>\n\t\t\t\t<\/div>\n\t\t\t\t<div class=\"elementor-element elementor-element-f2b4019 elementor-widget elementor-widget-text-editor\" data-id=\"f2b4019\" data-element_type=\"widget\" data-e-type=\"widget\" data-widget_type=\"text-editor.default\">\n\t\t\t\t<div class=\"elementor-widget-container\">\n\t\t\t\t\t\t\t\t\t<p><span style=\"font-weight: 400;\">BRO ha deciso sin da subito di mettere al centro del proprio lavoro i vostri desideri e le vostre esigenze e lo ha fatto concependo un nuovo modo per realizzare progetti immobiliari. <\/span><\/p>\n<p><span style=\"font-weight: 400;\">Alla base di questa reinterpretazione dell\u2019abitare gli spazi, c\u2019\u00e8 la profonda convinzione che la casa rappresenti uno dei punti cardine delle nostre vite e che quindi vada pensata il pi\u00f9 possibile vicino alle vostre aspirazioni.<\/span><\/p>\n<p><span style=\"font-weight: 400;\">In tal senso la componente innovativa che introduciamo nel settore \u00e8 il concetto di sartorialit\u00e0, ovvero, realizziamo abitazioni cucite addosso al singolo cliente per far s\u00ec che il luogo in cui vive, rispecchi a pieno l\u2019identit\u00e0 personale che lo contraddistingue.<\/span><\/p>\n<p><span style=\"font-weight: 400;\">Come i sarti, dunque, anche noi progettiamo su misura e questo significa concepire <\/span><i><span style=\"font-weight: 400;\">dall\u2019inizio <\/span><\/i> <span style=\"font-weight: 400;\">uno spazio confezionato per l\u2019acquirente. Questo lavoro contempla un importante processo basato su una grande disponibilit\u00e0\u0300 all\u2019ascolto, una complicit\u00e0\u0300 creativa e la capacita\u0300 di trovare soluzioni uniche, proprio perch\u00e9\u0301 concepite solo per quell\u2019utente.<\/span><\/p>\n<p><span style=\"font-weight: 400;\">L\u2019identita\u0300 del condominio sartoriale per come la immaginiamo noi quindi, e\u0300 un\u2019identita\u0300 multipla, creata dalla somma di tante singolarita\u0300. E\u0300 la compresenza di queste unicita\u0300 a farlo diventare un luogo speciale: il luogo in cui ognuno puo\u0300 realizzare la propria personale idea di casa.<\/span><\/p>\n\t\t\t\t\t\t\t\t<\/div>\n\t\t\t\t<\/div>\n\t\t\t\t\t<\/div>\n\t\t<\/div>\n\t\t\t\t\t<\/div>\n\t\t<\/section>\n\t\t\t\t<section class=\"elementor-section elementor-top-section elementor-element elementor-element-8069670 elementor-section-boxed elementor-section-height-default elementor-section-height-default\" data-id=\"8069670\" data-element_type=\"section\" data-e-type=\"section\">\n\t\t\t\t\t\t<div class=\"elementor-container elementor-column-gap-default\">\n\t\t\t\t\t<div class=\"elementor-column elementor-col-50 elementor-top-column elementor-element elementor-element-fd20b85\" data-id=\"fd20b85\" data-element_type=\"column\" data-e-type=\"column\">\n\t\t\t<div class=\"elementor-widget-wrap elementor-element-populated\">\n\t\t\t\t\t\t<div class=\"elementor-element elementor-element-546ac5e animated-slow elementor-invisible elementor-widget elementor-widget-houzez_elementor_section_title\" data-id=\"546ac5e\" data-element_type=\"widget\" data-e-type=\"widget\" data-settings=\"{&quot;_animation&quot;:&quot;fadeIn&quot;}\" data-widget_type=\"houzez_elementor_section_title.default\">\n\t\t\t\t<div class=\"elementor-widget-container\">\n\t\t\t\t\t            <div class=\"houzez_section_title_wrap section-title-module\">\n                                    <h2 class=\"houzez_section_title\">scopri i progetti<\/h2>\n                \n                            <\/div>\n            \t\t\t\t<\/div>\n\t\t\t\t<\/div>\n\t\t\t\t<div class=\"elementor-element elementor-element-aa3dc80 elementor-widget elementor-widget-spacer\" data-id=\"aa3dc80\" data-element_type=\"widget\" data-e-type=\"widget\" data-widget_type=\"spacer.default\">\n\t\t\t\t<div class=\"elementor-widget-container\">\n\t\t\t\t\t\t\t<div class=\"elementor-spacer\">\n\t\t\t<div class=\"elementor-spacer-inner\"><\/div>\n\t\t<\/div>\n\t\t\t\t\t\t<\/div>\n\t\t\t\t<\/div>\n\t\t\t\t\t<\/div>\n\t\t<\/div>\n\t\t\t\t<div class=\"elementor-column elementor-col-50 elementor-top-column elementor-element elementor-element-47ce1e7\" data-id=\"47ce1e7\" data-element_type=\"column\" data-e-type=\"column\">\n\t\t\t<div class=\"elementor-widget-wrap elementor-element-populated\">\n\t\t\t\t\t\t<div class=\"elementor-element elementor-element-660f78d elementor-widget elementor-widget-spacer\" data-id=\"660f78d\" data-element_type=\"widget\" data-e-type=\"widget\" data-widget_type=\"spacer.default\">\n\t\t\t\t<div class=\"elementor-widget-container\">\n\t\t\t\t\t\t\t<div class=\"elementor-spacer\">\n\t\t\t<div class=\"elementor-spacer-inner\"><\/div>\n\t\t<\/div>\n\t\t\t\t\t\t<\/div>\n\t\t\t\t<\/div>\n\t\t\t\t<div class=\"elementor-element elementor-element-9ecef2a elementor-widget elementor-widget-button\" data-id=\"9ecef2a\" data-element_type=\"widget\" data-e-type=\"widget\" data-widget_type=\"button.default\">\n\t\t\t\t<div class=\"elementor-widget-container\">\n\t\t\t\t\t\t\t\t\t<div class=\"elementor-button-wrapper\">\n\t\t\t\t\t<a class=\"elementor-button elementor-button-link elementor-size-sm\" href=\"https:\/\/www.business-ro.com\/en\/terrazze-sul-golfo\/\">\n\t\t\t\t\t\t<span class=\"elementor-button-content-wrapper\">\n\t\t\t\t\t\t\t\t\t<span class=\"elementor-button-text\">Le terrazze sul golfo<\/span>\n\t\t\t\t\t<\/span>\n\t\t\t\t\t<\/a>\n\t\t\t\t<\/div>\n\t\t\t\t\t\t\t\t<\/div>\n\t\t\t\t<\/div>\n\t\t\t\t\t<\/div>\n\t\t<\/div>\n\t\t\t\t\t<\/div>\n\t\t<\/section>\n\t\t\t\t<section class=\"elementor-section elementor-top-section elementor-element elementor-element-0a3e2c8 elementor-section-boxed elementor-section-height-default elementor-section-height-default\" data-id=\"0a3e2c8\" data-element_type=\"section\" data-e-type=\"section\" data-settings=\"{&quot;background_background&quot;:&quot;classic&quot;}\">\n\t\t\t\t\t\t<div class=\"elementor-container elementor-column-gap-default\">\n\t\t\t\t\t<div class=\"elementor-column elementor-col-100 elementor-top-column elementor-element elementor-element-a8a5739\" data-id=\"a8a5739\" data-element_type=\"column\" data-e-type=\"column\">\n\t\t\t<div class=\"elementor-widget-wrap elementor-element-populated\">\n\t\t\t\t\t\t<div class=\"elementor-element elementor-element-1e24f97 elementor-widget elementor-widget-spacer\" data-id=\"1e24f97\" data-element_type=\"widget\" data-e-type=\"widget\" data-widget_type=\"spacer.default\">\n\t\t\t\t<div class=\"elementor-widget-container\">\n\t\t\t\t\t\t\t<div class=\"elementor-spacer\">\n\t\t\t<div class=\"elementor-spacer-inner\"><\/div>\n\t\t<\/div>\n\t\t\t\t\t\t<\/div>\n\t\t\t\t<\/div>\n\t\t\t\t<section class=\"elementor-section elementor-inner-section elementor-element elementor-element-3573450 elementor-section-boxed elementor-section-height-default elementor-section-height-default\" data-id=\"3573450\" data-element_type=\"section\" data-e-type=\"section\">\n\t\t\t\t\t\t<div class=\"elementor-container elementor-column-gap-wide\">\n\t\t\t\t\t<div class=\"elementor-column elementor-col-100 elementor-inner-column elementor-element elementor-element-441014d\" data-id=\"441014d\" data-element_type=\"column\" data-e-type=\"column\">\n\t\t\t<div class=\"elementor-widget-wrap elementor-element-populated\">\n\t\t\t\t\t\t<div class=\"elementor-element elementor-element-6a849c3 elementor-widget elementor-widget-image\" data-id=\"6a849c3\" data-element_type=\"widget\" data-e-type=\"widget\" data-widget_type=\"image.default\">\n\t\t\t\t<div class=\"elementor-widget-container\">\n\t\t\t\t\t\t\t\t\t\t\t\t\t\t\t<img fetchpriority=\"high\" decoding=\"async\" width=\"300\" height=\"300\" src=\"https:\/\/www.business-ro.com\/wp-content\/uploads\/2022\/02\/Tavola-disegno-2.svg\" class=\"attachment-medium size-medium wp-image-10819\" alt=\"\" srcset=\"\" \/>\t\t\t\t\t\t\t\t\t\t\t\t\t\t\t<\/div>\n\t\t\t\t<\/div>\n\t\t\t\t<div class=\"elementor-element elementor-element-20b66a1 animated-slow elementor-invisible elementor-widget elementor-widget-houzez_elementor_section_title\" data-id=\"20b66a1\" data-element_type=\"widget\" data-e-type=\"widget\" data-settings=\"{&quot;_animation&quot;:&quot;fadeIn&quot;}\" data-widget_type=\"houzez_elementor_section_title.default\">\n\t\t\t\t<div class=\"elementor-widget-container\">\n\t\t\t\t\t            <div class=\"houzez_section_title_wrap section-title-module\">\n                                    <h2 class=\"houzez_section_title\">Un servizio esclusivo<\/h2>\n                \n                                    <p class=\"houzez_section_subtitle\">una consulenza professionale fatta su misura<\/p>\n                            <\/div>\n            \t\t\t\t<\/div>\n\t\t\t\t<\/div>\n\t\t\t\t<div class=\"elementor-element elementor-element-5aae102 animated-slow elementor-invisible elementor-widget elementor-widget-houzez_elementor_icon_box\" data-id=\"5aae102\" data-element_type=\"widget\" data-e-type=\"widget\" data-settings=\"{&quot;_animation&quot;:&quot;fadeIn&quot;}\" data-widget_type=\"houzez_elementor_icon_box.default\">\n\t\t\t\t<div class=\"elementor-widget-container\">\n\t\t\t\t\t\n        <div class=\"text-with-icons-module module-3cols clearfix\">\n            \n                    <div class=\"text-with-icon-item text-with-icon-item-v2\">\n                        <div class=\"d-flex\">\n                            <div class=\"icon-thumb\">\n                                <img decoding=\"async\" width=\"60\" height=\"60\" src=\"https:\/\/www.business-ro.com\/wp-content\/uploads\/2019\/03\/people.png\" class=\"attachment-thumbnail size-thumbnail\" alt=\"\" \/>                            <\/div><!-- icon-thumb -->\n                            <div class=\"text-with-icon-content-wrap flex-grow-1\">\n                                <div class=\"text-with-icon-info\">\n                                    <div class=\"text-with-icon-title\">\n                                        <strong>Gestione della propriet\u00e0<\/strong>\n                                    <\/div><!-- text-with-icon-title -->\n                                    <div class=\"text-with-icon-body\">\n                                        Siamo molto pi\u00f9 di un'agenzia immobiliare, la nostra gestione guarda a 360\u00b0.                                    <\/div><!-- text-with-icon-body -->\n                                <\/div><!-- text-with-icon-info -->\n                                \n                                \n                            <\/div><!-- text-with-icon-content-wrap -->\n                        <\/div><!-- d-flex -->\n                    <\/div><!-- text-with-icon-item  -->\n\n            \n                    <div class=\"text-with-icon-item text-with-icon-item-v2\">\n                        <div class=\"d-flex\">\n                            <div class=\"icon-thumb\">\n                                <img decoding=\"async\" width=\"60\" height=\"60\" src=\"https:\/\/www.business-ro.com\/wp-content\/uploads\/2019\/03\/donut-chart-1.png\" class=\"attachment-thumbnail size-thumbnail\" alt=\"\" \/>                            <\/div><!-- icon-thumb -->\n                            <div class=\"text-with-icon-content-wrap flex-grow-1\">\n                                <div class=\"text-with-icon-info\">\n                                    <div class=\"text-with-icon-title\">\n                                        <strong>Burocrazia limitata<\/strong>\n                                    <\/div><!-- text-with-icon-title -->\n                                    <div class=\"text-with-icon-body\">\n                                        Un'unico interlocutore durante tutto il processo.                                    <\/div><!-- text-with-icon-body -->\n                                <\/div><!-- text-with-icon-info -->\n                                \n                                \n                            <\/div><!-- text-with-icon-content-wrap -->\n                        <\/div><!-- d-flex -->\n                    <\/div><!-- text-with-icon-item  -->\n\n            \n                    <div class=\"text-with-icon-item text-with-icon-item-v2\">\n                        <div class=\"d-flex\">\n                            <div class=\"icon-thumb\">\n                                <img loading=\"lazy\" decoding=\"async\" width=\"59\" height=\"60\" src=\"https:\/\/www.business-ro.com\/wp-content\/uploads\/2019\/03\/bar-chart-stats-up.png\" class=\"attachment-thumbnail size-thumbnail\" alt=\"\" \/>                            <\/div><!-- icon-thumb -->\n                            <div class=\"text-with-icon-content-wrap flex-grow-1\">\n                                <div class=\"text-with-icon-info\">\n                                    <div class=\"text-with-icon-title\">\n                                        <strong>Rapporto finanziario<\/strong>\n                                    <\/div><!-- text-with-icon-title -->\n                                    <div class=\"text-with-icon-body\">\n                                        Consulenza e supporto per ogni necessit\u00e0.                                    <\/div><!-- text-with-icon-body -->\n                                <\/div><!-- text-with-icon-info -->\n                                \n                                \n                            <\/div><!-- text-with-icon-content-wrap -->\n                        <\/div><!-- d-flex -->\n                    <\/div><!-- text-with-icon-item  -->\n\n            \n                    <div class=\"text-with-icon-item text-with-icon-item-v2\">\n                        <div class=\"d-flex\">\n                            <div class=\"icon-thumb\">\n                                <img loading=\"lazy\" decoding=\"async\" width=\"60\" height=\"57\" src=\"https:\/\/www.business-ro.com\/wp-content\/uploads\/2019\/03\/shacking-hands.png\" class=\"attachment-thumbnail size-thumbnail\" alt=\"\" \/>                            <\/div><!-- icon-thumb -->\n                            <div class=\"text-with-icon-content-wrap flex-grow-1\">\n                                <div class=\"text-with-icon-info\">\n                                    <div class=\"text-with-icon-title\">\n                                        <strong>Agente dedicato<\/strong>\n                                    <\/div><!-- text-with-icon-title -->\n                                    <div class=\"text-with-icon-body\">\n                                        Un nostro professionista ti accompagner\u00e0 in tutte le fasi della gestione.                                     <\/div><!-- text-with-icon-body -->\n                                <\/div><!-- text-with-icon-info -->\n                                \n                                \n                            <\/div><!-- text-with-icon-content-wrap -->\n                        <\/div><!-- d-flex -->\n                    <\/div><!-- text-with-icon-item  -->\n\n            \n                    <div class=\"text-with-icon-item text-with-icon-item-v2\">\n                        <div class=\"d-flex\">\n                            <div class=\"icon-thumb\">\n                                <img loading=\"lazy\" decoding=\"async\" width=\"60\" height=\"60\" src=\"https:\/\/www.business-ro.com\/wp-content\/uploads\/2019\/03\/bar-chart-board.png\" class=\"attachment-thumbnail size-thumbnail\" alt=\"\" \/>                            <\/div><!-- icon-thumb -->\n                            <div class=\"text-with-icon-content-wrap flex-grow-1\">\n                                <div class=\"text-with-icon-info\">\n                                    <div class=\"text-with-icon-title\">\n                                        <strong>valutazione dettagliata<\/strong>\n                                    <\/div><!-- text-with-icon-title -->\n                                    <div class=\"text-with-icon-body\">\n                                        Niente sorprese! Questo fa parte della nostra politica.                                     <\/div><!-- text-with-icon-body -->\n                                <\/div><!-- text-with-icon-info -->\n                                \n                                \n                            <\/div><!-- text-with-icon-content-wrap -->\n                        <\/div><!-- d-flex -->\n                    <\/div><!-- text-with-icon-item  -->\n\n            \n                    <div class=\"text-with-icon-item text-with-icon-item-v2\">\n                        <div class=\"d-flex\">\n                            <div class=\"icon-thumb\">\n                                <img loading=\"lazy\" decoding=\"async\" width=\"60\" height=\"54\" src=\"https:\/\/www.business-ro.com\/wp-content\/uploads\/2019\/03\/balance.png\" class=\"attachment-thumbnail size-thumbnail\" alt=\"\" \/>                            <\/div><!-- icon-thumb -->\n                            <div class=\"text-with-icon-content-wrap flex-grow-1\">\n                                <div class=\"text-with-icon-info\">\n                                    <div class=\"text-with-icon-title\">\n                                        <strong>analisi del investimento<\/strong>\n                                    <\/div><!-- text-with-icon-title -->\n                                    <div class=\"text-with-icon-body\">\n                                        Tutte le possibilit\u00e0 da valutare insieme ad un esperto.                                    <\/div><!-- text-with-icon-body -->\n                                <\/div><!-- text-with-icon-info -->\n                                \n                                \n                            <\/div><!-- text-with-icon-content-wrap -->\n                        <\/div><!-- d-flex -->\n                    <\/div><!-- text-with-icon-item  -->\n\n                    <\/div>\n    \t\t\t\t<\/div>\n\t\t\t\t<\/div>\n\t\t\t\t<div class=\"elementor-element elementor-element-4a70ba6 elementor-button-success elementor-widget elementor-widget-button\" data-id=\"4a70ba6\" data-element_type=\"widget\" data-e-type=\"widget\" data-widget_type=\"button.default\">\n\t\t\t\t<div class=\"elementor-widget-container\">\n\t\t\t\t\t\t\t\t\t<div class=\"elementor-button-wrapper\">\n\t\t\t\t\t<a class=\"elementor-button elementor-button-link elementor-size-sm\" href=\"https:\/\/www.business-ro.com\/en\/contatti\/\">\n\t\t\t\t\t\t<span class=\"elementor-button-content-wrapper\">\n\t\t\t\t\t\t\t\t\t<span class=\"elementor-button-text\">Contattaci<\/span>\n\t\t\t\t\t<\/span>\n\t\t\t\t\t<\/a>\n\t\t\t\t<\/div>\n\t\t\t\t\t\t\t\t<\/div>\n\t\t\t\t<\/div>\n\t\t\t\t\t<\/div>\n\t\t<\/div>\n\t\t\t\t\t<\/div>\n\t\t<\/section>\n\t\t\t\t<div class=\"elementor-element elementor-element-0201842 elementor-widget elementor-widget-spacer\" data-id=\"0201842\" data-element_type=\"widget\" data-e-type=\"widget\" data-widget_type=\"spacer.default\">\n\t\t\t\t<div class=\"elementor-widget-container\">\n\t\t\t\t\t\t\t<div class=\"elementor-spacer\">\n\t\t\t<div class=\"elementor-spacer-inner\"><\/div>\n\t\t<\/div>\n\t\t\t\t\t\t<\/div>\n\t\t\t\t<\/div>\n\t\t\t\t\t<\/div>\n\t\t<\/div>\n\t\t\t\t\t<\/div>\n\t\t<\/section>\n\t\t\t\t<\/div>\n\t\t","protected":false},"excerpt":{"rendered":"<p>Progetti immobiliari la semplificazione del mercato immobiliare il concetto di sartorialit\u00e0 abitazioni cucite addosso BRO ha deciso sin da subito di mettere al centro del proprio lavoro i vostri desideri e le vostre esigenze e lo ha fatto concependo un nuovo modo per realizzare progetti immobiliari. Alla base di questa reinterpretazione dell\u2019abitare gli spazi, c\u2019\u00e8 [&hellip;]<\/p>\n","protected":false},"author":1,"featured_media":0,"parent":0,"menu_order":0,"comment_status":"closed","ping_status":"closed","template":"elementor_header_footer","meta":{"inline_featured_image":false,"footnotes":""},"class_list":["post-11684","page","type-page","status-publish","hentry"],"_links":{"self":[{"href":"https:\/\/www.business-ro.com\/en\/wp-json\/wp\/v2\/pages\/11684","targetHints":{"allow":["GET"]}}],"collection":[{"href":"https:\/\/www.business-ro.com\/en\/wp-json\/wp\/v2\/pages"}],"about":[{"href":"https:\/\/www.business-ro.com\/en\/wp-json\/wp\/v2\/types\/page"}],"author":[{"embeddable":true,"href":"https:\/\/www.business-ro.com\/en\/wp-json\/wp\/v2\/users\/1"}],"replies":[{"embeddable":true,"href":"https:\/\/www.business-ro.com\/en\/wp-json\/wp\/v2\/comments?post=11684"}],"version-history":[{"count":0,"href":"https:\/\/www.business-ro.com\/en\/wp-json\/wp\/v2\/pages\/11684\/revisions"}],"wp:attachment":[{"href":"https:\/\/www.business-ro.com\/en\/wp-json\/wp\/v2\/media?parent=11684"}],"curies":[{"name":"wp","href":"https:\/\/api.w.org\/{rel}","templated":true}]}}