{"id":10165,"date":"2021-10-24T21:32:06","date_gmt":"2021-10-24T21:32:06","guid":{"rendered":"https:\/\/www.business-ro.com\/cosa-facciamo\/"},"modified":"2023-05-26T09:22:13","modified_gmt":"2023-05-26T09:22:13","slug":"cosa-facciamo","status":"publish","type":"page","link":"https:\/\/www.business-ro.com\/de\/cosa-facciamo\/","title":{"rendered":"Profil"},"content":{"rendered":"\t\t<div data-elementor-type=\"wp-post\" data-elementor-id=\"10165\" class=\"elementor elementor-10165 elementor-4314\" data-elementor-post-type=\"page\">\n\t\t\t\t\t\t<section class=\"elementor-section elementor-top-section elementor-element elementor-element-c0ed933 elementor-section-boxed elementor-section-height-default elementor-section-height-default\" data-id=\"c0ed933\" data-element_type=\"section\" data-e-type=\"section\">\n\t\t\t\t\t\t<div class=\"elementor-container elementor-column-gap-default\">\n\t\t\t\t\t<div class=\"elementor-column elementor-col-100 elementor-top-column elementor-element elementor-element-51c6b12\" data-id=\"51c6b12\" data-element_type=\"column\" data-e-type=\"column\">\n\t\t\t<div class=\"elementor-widget-wrap elementor-element-populated\">\n\t\t\t\t\t\t<div class=\"elementor-element elementor-element-4fb3d3b elementor-widget elementor-widget-spacer\" data-id=\"4fb3d3b\" data-element_type=\"widget\" data-e-type=\"widget\" data-widget_type=\"spacer.default\">\n\t\t\t\t<div class=\"elementor-widget-container\">\n\t\t\t\t\t\t\t<div class=\"elementor-spacer\">\n\t\t\t<div class=\"elementor-spacer-inner\"><\/div>\n\t\t<\/div>\n\t\t\t\t\t\t<\/div>\n\t\t\t\t<\/div>\n\t\t\t\t<div class=\"elementor-element elementor-element-5f2e1a8 animated-slow elementor-invisible elementor-widget elementor-widget-houzez_elementor_section_title\" data-id=\"5f2e1a8\" data-element_type=\"widget\" data-e-type=\"widget\" data-settings=\"{&quot;_animation&quot;:&quot;fadeIn&quot;}\" data-widget_type=\"houzez_elementor_section_title.default\">\n\t\t\t\t<div class=\"elementor-widget-container\">\n\t\t\t\t\t            <div class=\"houzez_section_title_wrap section-title-module\">\n                                    <h2 class=\"houzez_section_title\">Unsere Arbeit entwickelt sich an mehreren Fronten<\/h2>\n                \n                                    <p class=\"houzez_section_subtitle\">Indem wir an die Grenzen gehen, sind wir in der Lage die besten Chancen und L\u00f6sungen f\u00fcr die Verwirklichung Ihres Businessplans.\n<\/p>\n                            <\/div>\n            \t\t\t\t<\/div>\n\t\t\t\t<\/div>\n\t\t\t\t<div class=\"elementor-element elementor-element-d586158 elementor-widget elementor-widget-text-editor\" data-id=\"d586158\" data-element_type=\"widget\" data-e-type=\"widget\" data-widget_type=\"text-editor.default\">\n\t\t\t\t<div class=\"elementor-widget-container\">\n\t\t\t\t\t\t\t\t\t<p>Dank unseres nationalen und internationalen Netzwerks sind wir in der Lage, innerhalb von 30 Tagen eine Voranalyse der Transaktion durchzuf\u00fchren, um die Gelegenheit zu bewerten und die Machbarkeit und den besten Weg zu verstehen, um das beste Ergebnis zu erzielen.<\/p><p>Mit unserem Blick \u00fcber den Tellerrand schaffen wir alle geplanten Aktivit\u00e4ten zu \u00fcbernehmen, um das Gesch\u00e4ft innerhalb der festgelegten Bedingungen abzuschlie\u00dfen.<\/p><p><strong>Unter unseren Aktivit\u00e4ten finden Sie:<\/strong><\/p><p>\u00a0Immobilienmaklert\u00e4tigkeiten: Verkauf und Vermietung, sowohl Wohn- als auch Gewerbe; Verkauf\/Verpachtung von Betriebsst\u00e4tten; Erstellung und Entwicklung von Ertragstransaktionen f\u00fcr Immobilienfonds und institutionelle Fonds; Verwaltung und Verkauf von Wohnbaugrundst\u00fccken; eigenst\u00e4ndige Einzelhandelsbetriebe, Fachmarktzentren, Betrieb von Einkaufszentren; rezeptive Immobilienentwicklung und Managementforschung; Logistik, Hafenlogistik und Stadterneuerung.<\/p>\t\t\t\t\t\t\t\t<\/div>\n\t\t\t\t<\/div>\n\t\t\t\t<div class=\"elementor-element elementor-element-5c13c37 elementor-widget elementor-widget-spacer\" data-id=\"5c13c37\" data-element_type=\"widget\" data-e-type=\"widget\" data-widget_type=\"spacer.default\">\n\t\t\t\t<div class=\"elementor-widget-container\">\n\t\t\t\t\t\t\t<div class=\"elementor-spacer\">\n\t\t\t<div class=\"elementor-spacer-inner\"><\/div>\n\t\t<\/div>\n\t\t\t\t\t\t<\/div>\n\t\t\t\t<\/div>\n\t\t\t\t\t<\/div>\n\t\t<\/div>\n\t\t\t\t\t<\/div>\n\t\t<\/section>\n\t\t\t\t<section class=\"elementor-section elementor-top-section elementor-element elementor-element-93d2a3b elementor-section-boxed elementor-section-height-default elementor-section-height-default\" data-id=\"93d2a3b\" data-element_type=\"section\" data-e-type=\"section\" data-settings=\"{&quot;background_background&quot;:&quot;classic&quot;}\">\n\t\t\t\t\t\t\t<div class=\"elementor-background-overlay\"><\/div>\n\t\t\t\t\t\t\t<div class=\"elementor-container elementor-column-gap-default\">\n\t\t\t\t\t<div class=\"elementor-column elementor-col-100 elementor-top-column elementor-element elementor-element-ef1dfbe\" data-id=\"ef1dfbe\" data-element_type=\"column\" data-e-type=\"column\">\n\t\t\t<div class=\"elementor-widget-wrap elementor-element-populated\">\n\t\t\t\t\t\t<div class=\"elementor-element elementor-element-1bcafaf animated-slow elementor-invisible elementor-widget elementor-widget-houzez_elementor_section_title\" data-id=\"1bcafaf\" data-element_type=\"widget\" data-e-type=\"widget\" data-settings=\"{&quot;_animation&quot;:&quot;fadeIn&quot;}\" data-widget_type=\"houzez_elementor_section_title.default\">\n\t\t\t\t<div class=\"elementor-widget-container\">\n\t\t\t\t\t            <div class=\"houzez_section_title_wrap section-title-module\">\n                                    <h2 class=\"houzez_section_title\">Ein Pfad<\/h2>\n                \n                                    <p class=\"houzez_section_subtitle\">\u00fcber ethnische und professionelle Verantwortung <\/p>\n                            <\/div>\n            \t\t\t\t<\/div>\n\t\t\t\t<\/div>\n\t\t\t\t\t<\/div>\n\t\t<\/div>\n\t\t\t\t\t<\/div>\n\t\t<\/section>\n\t\t\t\t<section class=\"elementor-section elementor-top-section elementor-element elementor-element-a752585 elementor-section-boxed elementor-section-height-default elementor-section-height-default\" data-id=\"a752585\" data-element_type=\"section\" data-e-type=\"section\">\n\t\t\t\t\t\t<div class=\"elementor-container elementor-column-gap-default\">\n\t\t\t\t\t<div class=\"elementor-column elementor-col-25 elementor-top-column elementor-element elementor-element-7c3c450\" data-id=\"7c3c450\" data-element_type=\"column\" data-e-type=\"column\">\n\t\t\t<div class=\"elementor-widget-wrap elementor-element-populated\">\n\t\t\t\t\t\t<div class=\"elementor-element elementor-element-ad7e7ea elementor-widget elementor-widget-image\" data-id=\"ad7e7ea\" data-element_type=\"widget\" data-e-type=\"widget\" data-widget_type=\"image.default\">\n\t\t\t\t<div class=\"elementor-widget-container\">\n\t\t\t\t\t\t\t\t\t\t\t\t\t\t\t<img fetchpriority=\"high\" decoding=\"async\" width=\"1024\" height=\"454\" src=\"https:\/\/www.business-ro.com\/wp-content\/uploads\/2022\/02\/logoBRO-1024x454.png\" class=\"attachment-large size-large wp-image-9468\" alt=\"\" srcset=\"https:\/\/www.business-ro.com\/wp-content\/uploads\/2022\/02\/logoBRO-1024x454.png 1024w, https:\/\/www.business-ro.com\/wp-content\/uploads\/2022\/02\/logoBRO-300x133.png 300w, https:\/\/www.business-ro.com\/wp-content\/uploads\/2022\/02\/logoBRO-768x340.png 768w, https:\/\/www.business-ro.com\/wp-content\/uploads\/2022\/02\/logoBRO-496x220.png 496w, https:\/\/www.business-ro.com\/wp-content\/uploads\/2022\/02\/logoBRO.png 1104w\" sizes=\"(max-width: 1024px) 100vw, 1024px\" \/>\t\t\t\t\t\t\t\t\t\t\t\t\t\t\t<\/div>\n\t\t\t\t<\/div>\n\t\t\t\t\t<\/div>\n\t\t<\/div>\n\t\t\t\t<div class=\"elementor-column elementor-col-25 elementor-top-column elementor-element elementor-element-772a4b6\" data-id=\"772a4b6\" data-element_type=\"column\" data-e-type=\"column\">\n\t\t\t<div class=\"elementor-widget-wrap elementor-element-populated\">\n\t\t\t\t\t\t<div class=\"elementor-element elementor-element-40e0249 elementor-widget elementor-widget-image\" data-id=\"40e0249\" data-element_type=\"widget\" data-e-type=\"widget\" data-widget_type=\"image.default\">\n\t\t\t\t<div class=\"elementor-widget-container\">\n\t\t\t\t\t\t\t\t\t\t\t\t\t\t\t\t<a href=\"https:\/\/www.business-ro.com\/de\/broart\/\">\n\t\t\t\t\t\t\t<img decoding=\"async\" width=\"1024\" height=\"1024\" src=\"https:\/\/www.business-ro.com\/wp-content\/uploads\/2022\/09\/color@2x-1024x1024.png\" class=\"attachment-large size-large wp-image-9870\" alt=\"\" srcset=\"https:\/\/www.business-ro.com\/wp-content\/uploads\/2022\/09\/color@2x-1024x1024.png 1024w, https:\/\/www.business-ro.com\/wp-content\/uploads\/2022\/09\/color@2x-300x300.png 300w, https:\/\/www.business-ro.com\/wp-content\/uploads\/2022\/09\/color@2x-150x150.png 150w, https:\/\/www.business-ro.com\/wp-content\/uploads\/2022\/09\/color@2x-768x768.png 768w, https:\/\/www.business-ro.com\/wp-content\/uploads\/2022\/09\/color@2x-600x600.png 600w, https:\/\/www.business-ro.com\/wp-content\/uploads\/2022\/09\/color@2x-496x496.png 496w, https:\/\/www.business-ro.com\/wp-content\/uploads\/2022\/09\/color@2x.png 1400w\" sizes=\"(max-width: 1024px) 100vw, 1024px\" \/>\t\t\t\t\t\t\t\t<\/a>\n\t\t\t\t\t\t\t\t\t\t\t\t\t\t\t<\/div>\n\t\t\t\t<\/div>\n\t\t\t\t\t<\/div>\n\t\t<\/div>\n\t\t\t\t<div class=\"elementor-column elementor-col-25 elementor-top-column elementor-element elementor-element-545b885\" data-id=\"545b885\" data-element_type=\"column\" data-e-type=\"column\">\n\t\t\t<div class=\"elementor-widget-wrap elementor-element-populated\">\n\t\t\t\t\t\t<div class=\"elementor-element elementor-element-43205b9 elementor-widget elementor-widget-image\" data-id=\"43205b9\" data-element_type=\"widget\" data-e-type=\"widget\" data-widget_type=\"image.default\">\n\t\t\t\t<div class=\"elementor-widget-container\">\n\t\t\t\t\t\t\t\t\t\t\t\t\t\t\t<img decoding=\"async\" width=\"340\" height=\"126\" src=\"https:\/\/www.business-ro.com\/wp-content\/uploads\/2023\/05\/logfarecantine.png\" class=\"attachment-large size-large wp-image-10102\" alt=\"\" srcset=\"https:\/\/www.business-ro.com\/wp-content\/uploads\/2023\/05\/logfarecantine.png 340w, https:\/\/www.business-ro.com\/wp-content\/uploads\/2023\/05\/logfarecantine-300x111.png 300w\" sizes=\"(max-width: 340px) 100vw, 340px\" \/>\t\t\t\t\t\t\t\t\t\t\t\t\t\t\t<\/div>\n\t\t\t\t<\/div>\n\t\t\t\t\t<\/div>\n\t\t<\/div>\n\t\t\t\t<div class=\"elementor-column elementor-col-25 elementor-top-column elementor-element elementor-element-fbae8ed\" data-id=\"fbae8ed\" data-element_type=\"column\" data-e-type=\"column\">\n\t\t\t<div class=\"elementor-widget-wrap elementor-element-populated\">\n\t\t\t\t\t\t<div class=\"elementor-element elementor-element-84ac05e elementor-widget elementor-widget-image\" data-id=\"84ac05e\" data-element_type=\"widget\" data-e-type=\"widget\" data-widget_type=\"image.default\">\n\t\t\t\t<div class=\"elementor-widget-container\">\n\t\t\t\t\t\t\t\t\t\t\t\t\t\t\t<img loading=\"lazy\" decoding=\"async\" width=\"1024\" height=\"399\" src=\"https:\/\/www.business-ro.com\/wp-content\/uploads\/2022\/05\/logo-antevendita-1024x399.png\" class=\"attachment-large size-large wp-image-9585\" alt=\"\" srcset=\"https:\/\/www.business-ro.com\/wp-content\/uploads\/2022\/05\/logo-antevendita-1024x399.png 1024w, https:\/\/www.business-ro.com\/wp-content\/uploads\/2022\/05\/logo-antevendita-300x117.png 300w, https:\/\/www.business-ro.com\/wp-content\/uploads\/2022\/05\/logo-antevendita-768x300.png 768w, https:\/\/www.business-ro.com\/wp-content\/uploads\/2022\/05\/logo-antevendita-1536x599.png 1536w, https:\/\/www.business-ro.com\/wp-content\/uploads\/2022\/05\/logo-antevendita-2048x799.png 2048w, https:\/\/www.business-ro.com\/wp-content\/uploads\/2022\/05\/logo-antevendita-1538x600.png 1538w, https:\/\/www.business-ro.com\/wp-content\/uploads\/2022\/05\/logo-antevendita-496x193.png 496w\" sizes=\"(max-width: 1024px) 100vw, 1024px\" \/>\t\t\t\t\t\t\t\t\t\t\t\t\t\t\t<\/div>\n\t\t\t\t<\/div>\n\t\t\t\t\t<\/div>\n\t\t<\/div>\n\t\t\t\t\t<\/div>\n\t\t<\/section>\n\t\t\t\t<\/div>\n\t\t","protected":false},"excerpt":{"rendered":"<p>Unsere Arbeit entwickelt sich an mehreren Fronten Indem wir an die Grenzen gehen, sind wir in der Lage die besten Chancen und L\u00f6sungen f\u00fcr die Verwirklichung Ihres Businessplans. Dank unseres nationalen und internationalen Netzwerks sind wir in der Lage, innerhalb von 30 Tagen eine Voranalyse der Transaktion durchzuf\u00fchren, um die Gelegenheit zu bewerten und die [&hellip;]<\/p>\n","protected":false},"author":1,"featured_media":0,"parent":0,"menu_order":0,"comment_status":"closed","ping_status":"closed","template":"elementor_header_footer","meta":{"inline_featured_image":false,"footnotes":""},"class_list":["post-10165","page","type-page","status-publish","hentry"],"_links":{"self":[{"href":"https:\/\/www.business-ro.com\/de\/wp-json\/wp\/v2\/pages\/10165","targetHints":{"allow":["GET"]}}],"collection":[{"href":"https:\/\/www.business-ro.com\/de\/wp-json\/wp\/v2\/pages"}],"about":[{"href":"https:\/\/www.business-ro.com\/de\/wp-json\/wp\/v2\/types\/page"}],"author":[{"embeddable":true,"href":"https:\/\/www.business-ro.com\/de\/wp-json\/wp\/v2\/users\/1"}],"replies":[{"embeddable":true,"href":"https:\/\/www.business-ro.com\/de\/wp-json\/wp\/v2\/comments?post=10165"}],"version-history":[{"count":0,"href":"https:\/\/www.business-ro.com\/de\/wp-json\/wp\/v2\/pages\/10165\/revisions"}],"wp:attachment":[{"href":"https:\/\/www.business-ro.com\/de\/wp-json\/wp\/v2\/media?parent=10165"}],"curies":[{"name":"wp","href":"https:\/\/api.w.org\/{rel}","templated":true}]}}