{"id":10161,"date":"2016-06-20T23:11:03","date_gmt":"2016-06-20T23:11:03","guid":{"rendered":"https:\/\/www.business-ro.com\/chi-siamo\/"},"modified":"2024-03-25T12:19:23","modified_gmt":"2024-03-25T12:19:23","slug":"chi-siamo","status":"publish","type":"page","link":"https:\/\/www.business-ro.com\/de\/chi-siamo\/","title":{"rendered":"Wer sind wir"},"content":{"rendered":"\t\t<div data-elementor-type=\"wp-post\" data-elementor-id=\"10161\" class=\"elementor elementor-10161 elementor-1656\" data-elementor-post-type=\"page\">\n\t\t\t\t\t\t<section class=\"elementor-section elementor-top-section elementor-element elementor-element-f5c023b elementor-section-stretched elementor-section-boxed elementor-section-height-default elementor-section-height-default elementor-invisible\" data-id=\"f5c023b\" data-element_type=\"section\" data-e-type=\"section\" data-settings=\"{&quot;stretch_section&quot;:&quot;section-stretched&quot;,&quot;animation&quot;:&quot;fadeIn&quot;}\">\n\t\t\t\t\t\t<div class=\"elementor-container elementor-column-gap-default\">\n\t\t\t\t\t<div class=\"elementor-column elementor-col-100 elementor-top-column elementor-element elementor-element-3091428\" data-id=\"3091428\" data-element_type=\"column\" data-e-type=\"column\">\n\t\t\t<div class=\"elementor-widget-wrap elementor-element-populated\">\n\t\t\t\t\t\t<div class=\"elementor-element elementor-element-8de3bf4 elementor-widget elementor-widget-spacer\" data-id=\"8de3bf4\" data-element_type=\"widget\" data-e-type=\"widget\" data-widget_type=\"spacer.default\">\n\t\t\t\t<div class=\"elementor-widget-container\">\n\t\t\t\t\t\t\t<div class=\"elementor-spacer\">\n\t\t\t<div class=\"elementor-spacer-inner\"><\/div>\n\t\t<\/div>\n\t\t\t\t\t\t<\/div>\n\t\t\t\t<\/div>\n\t\t\t\t<div class=\"elementor-element elementor-element-f2034c6 animated-slow elementor-invisible elementor-widget elementor-widget-houzez_elementor_section_title\" data-id=\"f2034c6\" data-element_type=\"widget\" data-e-type=\"widget\" data-settings=\"{&quot;_animation&quot;:&quot;fadeIn&quot;}\" data-widget_type=\"houzez_elementor_section_title.default\">\n\t\t\t\t<div class=\"elementor-widget-container\">\n\t\t\t\t\t            <div class=\"houzez_section_title_wrap section-title-module\">\n                                    <h2 class=\"houzez_section_title\">Das Team<\/h2>\n                \n                                    <p class=\"houzez_section_subtitle\">ORGANISATION, METHODEN UND VORBEREITUNG SIND UNABDINGBARE VORAUSSETZUNGEN, UM EINE SPITZENVERMITTLUNG ZU GARANTIEREN.<\/p>\n                            <\/div>\n            \t\t\t\t<\/div>\n\t\t\t\t<\/div>\n\t\t\t\t<div class=\"elementor-element elementor-element-7797a96 elementor-widget elementor-widget-houzez_elementor_space\" data-id=\"7797a96\" data-element_type=\"widget\" data-e-type=\"widget\" data-widget_type=\"houzez_elementor_space.default\">\n\t\t\t\t<div class=\"elementor-widget-container\">\n\t\t\t\t\t        <div class=\"houzez-spacer\">\n            <div class=\"houzez-spacer-inner\"><\/div>\n        <\/div>\n        \t\t\t\t<\/div>\n\t\t\t\t<\/div>\n\t\t\t\t\t<\/div>\n\t\t<\/div>\n\t\t\t\t\t<\/div>\n\t\t<\/section>\n\t\t\t\t<section class=\"elementor-section elementor-top-section elementor-element elementor-element-fddd5a8 elementor-section-boxed elementor-section-height-default elementor-section-height-default elementor-invisible\" data-id=\"fddd5a8\" data-element_type=\"section\" data-e-type=\"section\" data-settings=\"{&quot;animation&quot;:&quot;fadeIn&quot;,&quot;background_background&quot;:&quot;classic&quot;}\">\n\t\t\t\t\t\t<div class=\"elementor-container elementor-column-gap-default\">\n\t\t\t\t\t<div class=\"elementor-column elementor-col-100 elementor-top-column elementor-element elementor-element-3d65171\" data-id=\"3d65171\" data-element_type=\"column\" data-e-type=\"column\">\n\t\t\t<div class=\"elementor-widget-wrap elementor-element-populated\">\n\t\t\t\t\t\t<section class=\"elementor-section elementor-inner-section elementor-element elementor-element-c1d4780 elementor-section-boxed elementor-section-height-default elementor-section-height-default\" data-id=\"c1d4780\" data-element_type=\"section\" data-e-type=\"section\" data-settings=\"{&quot;background_background&quot;:&quot;classic&quot;}\">\n\t\t\t\t\t\t<div class=\"elementor-container elementor-column-gap-wide\">\n\t\t\t\t\t<div class=\"elementor-column elementor-col-100 elementor-inner-column elementor-element elementor-element-294a3ba\" data-id=\"294a3ba\" data-element_type=\"column\" data-e-type=\"column\">\n\t\t\t<div class=\"elementor-widget-wrap elementor-element-populated\">\n\t\t\t\t\t\t<div class=\"elementor-element elementor-element-4f1d689 elementor-widget elementor-widget-text-editor\" data-id=\"4f1d689\" data-element_type=\"widget\" data-e-type=\"widget\" data-widget_type=\"text-editor.default\">\n\t\t\t\t<div class=\"elementor-widget-container\">\n\t\t\t\t\t\t\t\t\t<p><strong>Die Hauptmission von BRO besteht darin, das Potenzial von deinem Business voll auszusch\u00f6pfen.<\/strong> <br \/>Dank unseres nationalen und internationalen Netzwerks sind wir in der Lage, deine Bed\u00fcrfnisse ausf\u00fchrlich zu analysieren, um den geeignetsten Weg zur Erreichung deiner Ziele zu entwickeln. Bei jedem Schritt des Projekts begleiten wir dich mit 360 Grad Unterst\u00fctzung.<br \/>Die unterschiedlichen, aber komplement\u00e4ren Erfahrungen und F\u00e4higkeiten unseres Teams erm\u00f6glichen es uns, bereichs\u00fcbergreifende Dienstleistungen anzubieten, die die \u201ebest practices\u201c verschiedener Sektoren integrieren.<br \/><br \/><\/p>\t\t\t\t\t\t\t\t<\/div>\n\t\t\t\t<\/div>\n\t\t\t\t\t<\/div>\n\t\t<\/div>\n\t\t\t\t\t<\/div>\n\t\t<\/section>\n\t\t\t\t\t<\/div>\n\t\t<\/div>\n\t\t\t\t\t<\/div>\n\t\t<\/section>\n\t\t\t\t<section class=\"elementor-section elementor-top-section elementor-element elementor-element-b034bbf elementor-section-boxed elementor-section-height-default elementor-section-height-default\" data-id=\"b034bbf\" data-element_type=\"section\" data-e-type=\"section\">\n\t\t\t\t\t\t<div class=\"elementor-container elementor-column-gap-default\">\n\t\t\t\t\t<div class=\"elementor-column elementor-col-50 elementor-top-column elementor-element elementor-element-bf0094c\" data-id=\"bf0094c\" data-element_type=\"column\" data-e-type=\"column\">\n\t\t\t<div class=\"elementor-widget-wrap elementor-element-populated\">\n\t\t\t\t\t\t<div class=\"elementor-element elementor-element-f973b82 elementor-widget elementor-widget-houzez_elementor_team_member\" data-id=\"f973b82\" data-element_type=\"widget\" data-e-type=\"widget\" data-widget_type=\"houzez_elementor_team_member.default\">\n\t\t\t\t<div class=\"elementor-widget-container\">\n\t\t\t\t\t\n            <div class=\"team-module hover-effect\">\n\n                                <img fetchpriority=\"high\" decoding=\"async\" width=\"768\" height=\"1024\" src=\"https:\/\/www.business-ro.com\/wp-content\/uploads\/2022\/05\/WhatsApp-Image-2022-05-26-at-12.02.33.jpeg\" class=\"attachment-full size-full\" alt=\"\" srcset=\"https:\/\/www.business-ro.com\/wp-content\/uploads\/2022\/05\/WhatsApp-Image-2022-05-26-at-12.02.33.jpeg 768w, https:\/\/www.business-ro.com\/wp-content\/uploads\/2022\/05\/WhatsApp-Image-2022-05-26-at-12.02.33-225x300.jpeg 225w, https:\/\/www.business-ro.com\/wp-content\/uploads\/2022\/05\/WhatsApp-Image-2022-05-26-at-12.02.33-450x600.jpeg 450w, https:\/\/www.business-ro.com\/wp-content\/uploads\/2022\/05\/WhatsApp-Image-2022-05-26-at-12.02.33-496x661.jpeg 496w\" sizes=\"(max-width: 768px) 100vw, 768px\" \/>\n                <div class=\"team-content-wrap team-content-wrap-before\">\n                    <div class=\"team-content\">\n                        <div class=\"team-name\">\n                            <strong>Gianfranco<\/strong>\n                        <\/div><!-- team-name -->\n                        <div class=\"team-title\">\n                                                    <\/div><!-- team-name -->\n   \n                    <\/div><!-- team-content -->\n                <\/div><!-- team-content-wrap -->\n                <div class=\"team-content-wrap team-content-wrap-after\">\n                    <div class=\"team-content\">\n                        <div class=\"team-name\">\n                            <strong>Gianfranco<\/strong>\n                        <\/div><!-- team-name -->\n                        <div class=\"team-title\">\n                                                    <\/div><!-- team-name -->\n                        <div class=\"team-description\">\n                            <p>Der Architekt dieses Abenteuers. Seine gro\u00dfe kommunikative und relationale Veranlagung hat es ihm erm\u00f6glicht, im Laufe der Zeit vielf\u00e4ltige Kenntnisse und Beziehungen zu erwerben, die er in allen Ausdrucksformen vom \"Business\" anwenden konnte. Seine Hauptmerkmale sind die starke Analysef\u00e4higkeit und das Talent, \u00fcber den Tellerrand hinauszugehen, um die besten M\u00f6glichkeiten und L\u00f6sungen f\u00fcr die Fertigstellung der Ziele zu finden.<\/p>                        <\/div><!-- team-description -->\n\n                            \n                    <\/div><!-- team-content -->\n                <\/div><!-- team-content-wrap -->\n            <\/div><!-- taxonomy-grids-module -->\n            \t\t\t\t<\/div>\n\t\t\t\t<\/div>\n\t\t\t\t\t<\/div>\n\t\t<\/div>\n\t\t\t\t<div class=\"elementor-column elementor-col-50 elementor-top-column elementor-element elementor-element-e32e55d\" data-id=\"e32e55d\" data-element_type=\"column\" data-e-type=\"column\">\n\t\t\t<div class=\"elementor-widget-wrap elementor-element-populated\">\n\t\t\t\t\t\t<div class=\"elementor-element elementor-element-9f5d2ab elementor-widget elementor-widget-houzez_elementor_team_member\" data-id=\"9f5d2ab\" data-element_type=\"widget\" data-e-type=\"widget\" data-widget_type=\"houzez_elementor_team_member.default\">\n\t\t\t\t<div class=\"elementor-widget-container\">\n\t\t\t\t\t\n            <div class=\"team-module hover-effect\">\n\n                                <img decoding=\"async\" width=\"768\" height=\"1024\" src=\"https:\/\/www.business-ro.com\/wp-content\/uploads\/2022\/05\/image0.jpeg\" class=\"attachment-full size-full\" alt=\"\" srcset=\"https:\/\/www.business-ro.com\/wp-content\/uploads\/2022\/05\/image0.jpeg 768w, https:\/\/www.business-ro.com\/wp-content\/uploads\/2022\/05\/image0-225x300.jpeg 225w, https:\/\/www.business-ro.com\/wp-content\/uploads\/2022\/05\/image0-450x600.jpeg 450w, https:\/\/www.business-ro.com\/wp-content\/uploads\/2022\/05\/image0-496x661.jpeg 496w\" sizes=\"(max-width: 768px) 100vw, 768px\" \/>\n                <div class=\"team-content-wrap team-content-wrap-before\">\n                    <div class=\"team-content\">\n                        <div class=\"team-name\">\n                            <strong>Bernadett<\/strong>\n                        <\/div><!-- team-name -->\n                        <div class=\"team-title\">\n                                                    <\/div><!-- team-name -->\n   \n                    <\/div><!-- team-content -->\n                <\/div><!-- team-content-wrap -->\n                <div class=\"team-content-wrap team-content-wrap-after\">\n                    <div class=\"team-content\">\n                        <div class=\"team-name\">\n                            <strong>Bernadett<\/strong>\n                        <\/div><!-- team-name -->\n                        <div class=\"team-title\">\n                                                    <\/div><!-- team-name -->\n                        <div class=\"team-description\">\n                            <p>Sie hat das Studium der transkulturellen Kommunikation in Wien und Diplomatie und internationale Zusammenarbeit in Triest abgeschlossen. Ihre Arbeitserfahrungen mit der Verwaltung von Immobilieninvestitionen in USA haben es ihr erm\u00f6glicht, ihre Beziehungssensitivit\u00e4t zu entwickeln, um die besten Gesch\u00e4ftsm\u00f6glichkeiten zu ergreifen. Ihre Hauptmerkmale sind Pr\u00e4zision, Ausdauer, Geduld und P\u00fcnktlichkeit, die internationale und nationale Kunden dazu bringen, sich voll und ganz auf sie zu verlassen. Derzeit verfolgt sie die Gesch\u00e4ftsentwicklungen von Kunden und Partnern in \u00d6sterreich, Ungarn und Deutschland.<\/p>                        <\/div><!-- team-description -->\n\n                            \n                    <\/div><!-- team-content -->\n                <\/div><!-- team-content-wrap -->\n            <\/div><!-- taxonomy-grids-module -->\n            \t\t\t\t<\/div>\n\t\t\t\t<\/div>\n\t\t\t\t\t<\/div>\n\t\t<\/div>\n\t\t\t\t\t<\/div>\n\t\t<\/section>\n\t\t\t\t<section class=\"elementor-section elementor-top-section elementor-element elementor-element-bd6db87 elementor-section-boxed elementor-section-height-default elementor-section-height-default\" data-id=\"bd6db87\" data-element_type=\"section\" data-e-type=\"section\">\n\t\t\t\t\t\t<div class=\"elementor-container elementor-column-gap-default\">\n\t\t\t\t\t<div class=\"elementor-column elementor-col-50 elementor-top-column elementor-element elementor-element-60f1ffc\" data-id=\"60f1ffc\" data-element_type=\"column\" data-e-type=\"column\">\n\t\t\t<div class=\"elementor-widget-wrap elementor-element-populated\">\n\t\t\t\t\t\t<div class=\"elementor-element elementor-element-1b74cd4 elementor-widget elementor-widget-houzez_elementor_team_member\" data-id=\"1b74cd4\" data-element_type=\"widget\" data-e-type=\"widget\" data-widget_type=\"houzez_elementor_team_member.default\">\n\t\t\t\t<div class=\"elementor-widget-container\">\n\t\t\t\t\t\n            <div class=\"team-module hover-effect\">\n\n                                <img decoding=\"async\" width=\"768\" height=\"1024\" src=\"https:\/\/www.business-ro.com\/wp-content\/uploads\/2022\/05\/2022-05-23-16-18-06-263.jpg\" class=\"attachment-full size-full\" alt=\"\" srcset=\"https:\/\/www.business-ro.com\/wp-content\/uploads\/2022\/05\/2022-05-23-16-18-06-263.jpg 768w, https:\/\/www.business-ro.com\/wp-content\/uploads\/2022\/05\/2022-05-23-16-18-06-263-225x300.jpg 225w, https:\/\/www.business-ro.com\/wp-content\/uploads\/2022\/05\/2022-05-23-16-18-06-263-450x600.jpg 450w, https:\/\/www.business-ro.com\/wp-content\/uploads\/2022\/05\/2022-05-23-16-18-06-263-496x661.jpg 496w\" sizes=\"(max-width: 768px) 100vw, 768px\" \/>\n                <div class=\"team-content-wrap team-content-wrap-before\">\n                    <div class=\"team-content\">\n                        <div class=\"team-name\">\n                            <strong> Isabella <\/strong>\n                        <\/div><!-- team-name -->\n                        <div class=\"team-title\">\n                                                    <\/div><!-- team-name -->\n   \n                    <\/div><!-- team-content -->\n                <\/div><!-- team-content-wrap -->\n                <div class=\"team-content-wrap team-content-wrap-after\">\n                    <div class=\"team-content\">\n                        <div class=\"team-name\">\n                            <strong> Isabella <\/strong>\n                        <\/div><!-- team-name -->\n                        <div class=\"team-title\">\n                                                    <\/div><!-- team-name -->\n                        <div class=\"team-description\">\n                            <p>Sie ist Polyglott mit einer Leidenschaft f\u00fcr Kommunikation, die sie im Laufe der Jahre dazu gebracht hat, sich mit verschiedenen dynamischen Arbeitserfahrungen sowohl im internationalen als auch im lokalen Kontext zu verbinden. Von der Welt des Journalismus bis zur Immobilienwelt, ihre starke Neigung zu zwischenmenschlichen Beziehungen macht sie zur bevorzugten Gespr\u00e4chspartnerin f\u00fcr die Entwicklung verschiedener Arten von M\u00f6glichkeiten, von B2B bis B2C.<\/p>                        <\/div><!-- team-description -->\n\n                            \n                    <\/div><!-- team-content -->\n                <\/div><!-- team-content-wrap -->\n            <\/div><!-- taxonomy-grids-module -->\n            \t\t\t\t<\/div>\n\t\t\t\t<\/div>\n\t\t\t\t\t<\/div>\n\t\t<\/div>\n\t\t\t\t<div class=\"elementor-column elementor-col-50 elementor-top-column elementor-element elementor-element-d0cb801\" data-id=\"d0cb801\" data-element_type=\"column\" data-e-type=\"column\">\n\t\t\t<div class=\"elementor-widget-wrap\">\n\t\t\t\t\t\t\t<\/div>\n\t\t<\/div>\n\t\t\t\t\t<\/div>\n\t\t<\/section>\n\t\t\t\t<section class=\"elementor-section elementor-top-section elementor-element elementor-element-245fb73 elementor-section-boxed elementor-section-height-default elementor-section-height-default\" data-id=\"245fb73\" data-element_type=\"section\" data-e-type=\"section\">\n\t\t\t\t\t\t<div class=\"elementor-container elementor-column-gap-default\">\n\t\t\t\t\t<div class=\"elementor-column elementor-col-100 elementor-top-column elementor-element elementor-element-60694c2\" data-id=\"60694c2\" data-element_type=\"column\" data-e-type=\"column\">\n\t\t\t<div class=\"elementor-widget-wrap elementor-element-populated\">\n\t\t\t\t\t\t<div class=\"elementor-element elementor-element-ac20262 elementor-widget elementor-widget-spacer\" data-id=\"ac20262\" data-element_type=\"widget\" data-e-type=\"widget\" data-widget_type=\"spacer.default\">\n\t\t\t\t<div class=\"elementor-widget-container\">\n\t\t\t\t\t\t\t<div class=\"elementor-spacer\">\n\t\t\t<div class=\"elementor-spacer-inner\"><\/div>\n\t\t<\/div>\n\t\t\t\t\t\t<\/div>\n\t\t\t\t<\/div>\n\t\t\t\t\t<\/div>\n\t\t<\/div>\n\t\t\t\t\t<\/div>\n\t\t<\/section>\n\t\t\t\t<section class=\"elementor-section elementor-top-section elementor-element elementor-element-bbfae21 elementor-section-boxed elementor-section-height-default elementor-section-height-default\" data-id=\"bbfae21\" data-element_type=\"section\" data-e-type=\"section\" data-settings=\"{&quot;background_background&quot;:&quot;classic&quot;}\">\n\t\t\t\t\t\t<div class=\"elementor-container elementor-column-gap-default\">\n\t\t\t\t\t<div class=\"elementor-column elementor-col-66 elementor-top-column elementor-element elementor-element-0ae0d54\" data-id=\"0ae0d54\" data-element_type=\"column\" data-e-type=\"column\">\n\t\t\t<div class=\"elementor-widget-wrap\">\n\t\t\t\t\t\t\t<\/div>\n\t\t<\/div>\n\t\t\t\t<div class=\"elementor-column elementor-col-33 elementor-top-column elementor-element elementor-element-8c3c820 elementor-invisible\" data-id=\"8c3c820\" data-element_type=\"column\" data-e-type=\"column\" data-settings=\"{&quot;background_background&quot;:&quot;classic&quot;,&quot;animation&quot;:&quot;fadeInLeft&quot;}\">\n\t\t\t<div class=\"elementor-widget-wrap\">\n\t\t\t\t\t\t\t<\/div>\n\t\t<\/div>\n\t\t\t\t\t<\/div>\n\t\t<\/section>\n\t\t\t\t<section class=\"elementor-section elementor-top-section elementor-element elementor-element-3ec88ed elementor-section-boxed elementor-section-height-default elementor-section-height-default\" data-id=\"3ec88ed\" data-element_type=\"section\" data-e-type=\"section\">\n\t\t\t\t\t\t<div class=\"elementor-container elementor-column-gap-default\">\n\t\t\t\t\t<div class=\"elementor-column elementor-col-100 elementor-top-column elementor-element elementor-element-bfc66a4 elementor-invisible\" data-id=\"bfc66a4\" data-element_type=\"column\" data-e-type=\"column\" data-settings=\"{&quot;background_background&quot;:&quot;classic&quot;,&quot;animation&quot;:&quot;fadeInLeft&quot;}\">\n\t\t\t<div class=\"elementor-widget-wrap elementor-element-populated\">\n\t\t\t\t\t\t<div class=\"elementor-element elementor-element-9e279b7 elementor-widget elementor-widget-houzez_elementor_section_title\" data-id=\"9e279b7\" data-element_type=\"widget\" data-e-type=\"widget\" data-widget_type=\"houzez_elementor_section_title.default\">\n\t\t\t\t<div class=\"elementor-widget-container\">\n\t\t\t\t\t            <div class=\"houzez_section_title_wrap section-title-module\">\n                                    <h2 class=\"houzez_section_title\">M\u00f6chten Sie mit uns zusammenarbeiten?<\/h2>\n                \n                                    <p class=\"houzez_section_subtitle\">Mit uns sind Sie zur richtigen Zeit am richtigen Ort.<\/p>\n                            <\/div>\n            \t\t\t\t<\/div>\n\t\t\t\t<\/div>\n\t\t\t\t<div class=\"elementor-element elementor-element-18120c1 elementor-widget elementor-widget-button\" data-id=\"18120c1\" data-element_type=\"widget\" data-e-type=\"widget\" data-widget_type=\"button.default\">\n\t\t\t\t<div class=\"elementor-widget-container\">\n\t\t\t\t\t\t\t\t\t<div class=\"elementor-button-wrapper\">\n\t\t\t\t\t<a class=\"elementor-button elementor-button-link elementor-size-sm\" href=\"https:\/\/www.business-ro.com\/de\/contatti\/\">\n\t\t\t\t\t\t<span class=\"elementor-button-content-wrapper\">\n\t\t\t\t\t\t\t\t\t<span class=\"elementor-button-text\">CV senden!<\/span>\n\t\t\t\t\t<\/span>\n\t\t\t\t\t<\/a>\n\t\t\t\t<\/div>\n\t\t\t\t\t\t\t\t<\/div>\n\t\t\t\t<\/div>\n\t\t\t\t\t<\/div>\n\t\t<\/div>\n\t\t\t\t\t<\/div>\n\t\t<\/section>\n\t\t\t\t<\/div>\n\t\t","protected":false},"excerpt":{"rendered":"<p>Das Team ORGANISATION, METHODEN UND VORBEREITUNG SIND UNABDINGBARE VORAUSSETZUNGEN, UM EINE SPITZENVERMITTLUNG ZU GARANTIEREN. Die Hauptmission von BRO besteht darin, das Potenzial von deinem Business voll auszusch\u00f6pfen. Dank unseres nationalen und internationalen Netzwerks sind wir in der Lage, deine Bed\u00fcrfnisse ausf\u00fchrlich zu analysieren, um den geeignetsten Weg zur Erreichung deiner Ziele zu entwickeln. Bei jedem [&hellip;]<\/p>\n","protected":false},"author":1,"featured_media":0,"parent":0,"menu_order":0,"comment_status":"closed","ping_status":"closed","template":"elementor_header_footer","meta":{"inline_featured_image":false,"footnotes":""},"class_list":["post-10161","page","type-page","status-publish","hentry"],"_links":{"self":[{"href":"https:\/\/www.business-ro.com\/de\/wp-json\/wp\/v2\/pages\/10161","targetHints":{"allow":["GET"]}}],"collection":[{"href":"https:\/\/www.business-ro.com\/de\/wp-json\/wp\/v2\/pages"}],"about":[{"href":"https:\/\/www.business-ro.com\/de\/wp-json\/wp\/v2\/types\/page"}],"author":[{"embeddable":true,"href":"https:\/\/www.business-ro.com\/de\/wp-json\/wp\/v2\/users\/1"}],"replies":[{"embeddable":true,"href":"https:\/\/www.business-ro.com\/de\/wp-json\/wp\/v2\/comments?post=10161"}],"version-history":[{"count":0,"href":"https:\/\/www.business-ro.com\/de\/wp-json\/wp\/v2\/pages\/10161\/revisions"}],"wp:attachment":[{"href":"https:\/\/www.business-ro.com\/de\/wp-json\/wp\/v2\/media?parent=10161"}],"curies":[{"name":"wp","href":"https:\/\/api.w.org\/{rel}","templated":true}]}}